{"id":2080,"date":"2022-06-22T14:32:20","date_gmt":"2022-06-22T12:32:20","guid":{"rendered":"https:\/\/vedos.eu?page_id=2080"},"modified":"2023-08-23T14:37:41","modified_gmt":"2023-08-23T12:37:41","slug":"freie-stellen","status":"publish","type":"page","link":"https:\/\/vedos.eu\/de\/freie-stellen","title":{"rendered":"Freie Stellen"},"content":{"rendered":"\t\t<div data-elementor-type=\"wp-page\" data-elementor-id=\"2080\" class=\"elementor elementor-2080 elementor-1905\" data-elementor-post-type=\"page\">\n\t\t\t\t\t\t<section class=\"elementor-section elementor-top-section elementor-element elementor-element-5c74148c elementor-section-full_width elementor-section-height-min-height elementor-section-stretched elementor-section-height-default elementor-section-items-middle\" data-id=\"5c74148c\" data-element_type=\"section\" data-e-type=\"section\" data-settings=\"{&quot;stretch_section&quot;:&quot;section-stretched&quot;,&quot;background_background&quot;:&quot;classic&quot;}\">\n\t\t\t\t\t\t<div class=\"elementor-container elementor-column-gap-no\">\n\t\t\t\t\t<div class=\"elementor-column elementor-col-100 elementor-top-column elementor-element elementor-element-1c1f63fd\" data-id=\"1c1f63fd\" data-element_type=\"column\" data-e-type=\"column\" data-settings=\"{&quot;background_background&quot;:&quot;classic&quot;}\">\n\t\t\t<div class=\"elementor-widget-wrap elementor-element-populated\">\n\t\t\t\t\t\t<section class=\"elementor-section elementor-inner-section elementor-element elementor-element-146bf115 elementor-section-boxed elementor-section-height-default elementor-section-height-default\" data-id=\"146bf115\" data-element_type=\"section\" data-e-type=\"section\" data-settings=\"{&quot;background_background&quot;:&quot;classic&quot;}\">\n\t\t\t\t\t\t<div class=\"elementor-container elementor-column-gap-default\">\n\t\t\t\t\t<div class=\"elementor-column elementor-col-100 elementor-inner-column elementor-element elementor-element-15c64cfb\" data-id=\"15c64cfb\" data-element_type=\"column\" data-e-type=\"column\" data-settings=\"{&quot;background_background&quot;:&quot;classic&quot;}\">\n\t\t\t<div class=\"elementor-widget-wrap elementor-element-populated\">\n\t\t\t\t\t\t<div class=\"elementor-element elementor-element-4948bd2d elementor-widget elementor-widget-heading\" data-id=\"4948bd2d\" data-element_type=\"widget\" data-e-type=\"widget\" data-widget_type=\"heading.default\">\n\t\t\t\t<div class=\"elementor-widget-container\">\n\t\t\t\t\t<h1 class=\"elementor-heading-title elementor-size-default\">Freie Stellen<\/h1>\t\t\t\t<\/div>\n\t\t\t\t<\/div>\n\t\t\t\t<div class=\"elementor-element elementor-element-749cc850 elementor-widget elementor-widget-text-editor\" data-id=\"749cc850\" data-element_type=\"widget\" data-e-type=\"widget\" data-widget_type=\"text-editor.default\">\n\t\t\t\t<div class=\"elementor-widget-container\">\n\t\t\t\t\t\t\t\t\t<div><p>Zur Verst\u00e4rkung unseres Teams haben wir die folgenden Stellen zu besetzen:<\/p><\/div><ul><li><a href=\"#vacature1\">Unabh\u00e4ngiger CNC-Dreher<\/a><\/li><li><a href=\"#vacature2\">Unabh\u00e4ngige CNC-Fr\u00e4smaschine<\/a><\/li><li><a href=\"#vacature3\">Kooperierender Vorarbeiter \/ CNC-Dreher<\/a><\/li><li><a href=\"#vacature4\">Leiter des Messraums<\/a><\/li><\/ul>\t\t\t\t\t\t\t\t<\/div>\n\t\t\t\t<\/div>\n\t\t\t\t<div class=\"elementor-element elementor-element-7f0a5079 elementor-widget elementor-widget-menu-anchor\" data-id=\"7f0a5079\" data-element_type=\"widget\" data-e-type=\"widget\" data-widget_type=\"menu-anchor.default\">\n\t\t\t\t<div class=\"elementor-widget-container\">\n\t\t\t\t\t\t\t<div class=\"elementor-menu-anchor\" id=\"vacature1\"><\/div>\n\t\t\t\t\t\t<\/div>\n\t\t\t\t<\/div>\n\t\t\t\t<div class=\"elementor-element elementor-element-27c63ea2 elementor-widget elementor-widget-text-editor\" data-id=\"27c63ea2\" data-element_type=\"widget\" data-e-type=\"widget\" data-widget_type=\"text-editor.default\">\n\t\t\t\t<div class=\"elementor-widget-container\">\n\t\t\t\t\t\t\t\t\t<h2>Unabh\u00e4ngiger CNC-Dreher<\/h2><p>F\u00fcr die Erweiterung unserer Drehabteilung suchen wir einen begeisterten Kollegen<\/p><p><b>Job\/T\u00e4tigkeiten:<\/b><\/p><p>Als CNC-Dreher\/in arbeiten Sie v\u00f6llig selbstst\u00e4ndig in einem Team von 3 Kollegen, mit 6 Maschinen. Die Abmessungen unserer Produkte variieren von sehr klein (weniger als ein Millimeter) bis mittelgro\u00df (ca. 45 mm). Wir profilieren uns als Lohnfertiger mit dem Schwerpunkt auf (Klein-)Serienfertigung (Einzel- bis 10.000+ St\u00fcck) von Monoteilen.<\/p><p><b>Wir fragen:<\/b><\/p><ul><li>MBO-Ebene.<\/li><li>Mindestens 5 Jahre Erfahrung im Drehen mit Stangenvorschub und angetriebenen Werkzeugen.<\/li><li>Programmiererfahrung mit Fanuc-Steuerungen.<\/li><li>Gut motiviert und mit einem Gef\u00fchl f\u00fcr &#8222;kleine&#8220; Arbeiten.<\/li><li>Sie m\u00fcssen gut in die &#8222;Gruppe&#8220; passen.<\/li><li>Flexibel einsetzbar in der unbemannten Produktion.<\/li><\/ul><p><b>Wir bieten:<\/b><\/p><ul><li>Eine Vollzeitstelle (38 Stunden) in Tagesschicht.<\/li><li>Ein kollegiales und informelles Arbeitsklima.<\/li><li>Ein ausgezeichnetes Gehalt und sekund\u00e4re Besch\u00e4ftigungsbedingungen Arbeiten im Tarifvertrag f\u00fcr metallverarbeitende Betriebe \/ Konnklijke Metaalunie Einstufung: Funktionsgruppe G\/H\/I je nach handwerklichem Niveau.<\/li><li>Sie haben die M\u00f6glichkeit, Ihr Wissen durch Fortbildungskurse zu erweitern.<\/li><li>Ein Arbeitsumfeld, in dem Qualit\u00e4t an erster Stelle steht.<\/li><\/ul><p>Weitere Informationen? Rufen Sie Frank Siepel an: 077-3872388.<\/p><p><b>\u00dcber Vedos:<\/b><\/p><p>Vedos Verspanende Techniek BV produziert seit 1995 Pr\u00e4zisionsprodukte aus Metall und Kunststoff f\u00fcr den gehobenen Maschinenbau nach Kundenspezifikationen. Unsere Spezialit\u00e4t ist das Pr\u00e4zisionsdrehen und -fr\u00e4sen &#8222;mit Passma\u00dfen&#8220; bis ca. 45 mm. Seriengr\u00f6\u00dfen von Einzelst\u00fccken bis zu 10.000+ St\u00fcck mit Schwerpunkt auf Wiederholungsarbeiten.\u00a0<b><i>www.vedos.nl<\/i><\/b><\/p>\t\t\t\t\t\t\t\t<\/div>\n\t\t\t\t<\/div>\n\t\t\t\t<div class=\"elementor-element elementor-element-578e3f4f elementor-widget elementor-widget-menu-anchor\" data-id=\"578e3f4f\" data-element_type=\"widget\" data-e-type=\"widget\" data-widget_type=\"menu-anchor.default\">\n\t\t\t\t<div class=\"elementor-widget-container\">\n\t\t\t\t\t\t\t<div class=\"elementor-menu-anchor\" id=\"vacature2\"><\/div>\n\t\t\t\t\t\t<\/div>\n\t\t\t\t<\/div>\n\t\t\t\t<div class=\"elementor-element elementor-element-5ca2ba2 elementor-widget elementor-widget-text-editor\" data-id=\"5ca2ba2\" data-element_type=\"widget\" data-e-type=\"widget\" data-widget_type=\"text-editor.default\">\n\t\t\t\t<div class=\"elementor-widget-container\">\n\t\t\t\t\t\t\t\t\t<h2>Unabh\u00e4ngige CNC-Fr\u00e4smaschine<\/h2><p>F\u00fcr die Erweiterung unserer Drehabteilung suchen wir einen begeisterten Kollegen<\/p><p><b>Job\/T\u00e4tigkeiten:<\/b><\/p><p>Als CNC-Fr\u00e4ser arbeiten Sie selbstst\u00e4ndig in einem Team von 9 Kollegen mit 14 Maschinen. Die Abmessungen unserer Produkte variieren von sehr klein (weniger als ein Millimeter) bis mittelgro\u00df (ca. 70 mm). Wir profilieren uns als Lohnfertiger mit dem Schwerpunkt auf (Klein-)Serienfertigung (Einzel- bis 10.000+ St\u00fcck) von Monoteilen.<\/p><p><b>Wir fragen:<\/b><\/p><ul><li>MBO-Ebene.<\/li><li>Mindestens 5 Jahre Erfahrung im Fr\u00e4sen mit 3-4-5-Achsen-Maschinen.<\/li><li>Programmiererfahrung mit Fanuc-Steuerungen.<\/li><li>Gut motiviert und mit einem Gef\u00fchl f\u00fcr &#8222;kleine&#8220; Arbeiten.<\/li><li>Sie m\u00fcssen gut in die &#8222;Gruppe&#8220; passen.<\/li><li>Flexibel einsetzbar.<\/li><\/ul><p><b>Wir bieten:<\/b><\/p><ul><li>Eine Vollzeitstelle (38 Stunden) in Tagesschichten.<\/li><li>Ein kollegiales und informelles Arbeitsklima.<\/li><li>Hervorragendes Gehalt und sekund\u00e4re Arbeitsbedingungen. Arbeit im Tarifvertrag f\u00fcr metallverarbeitende Betriebe \/ Konnklijke Metaalunie Klassifizierung: Funktionsgruppe G\/H\/I je nach handwerklichem Niveau.<\/li><li>Sie haben die M\u00f6glichkeit, Ihr Wissen durch Fortbildungskurse zu erweitern.<\/li><li>Ein Arbeitsumfeld, in dem Qualit\u00e4t an erster Stelle steht.<\/li><\/ul><p>Mehr Informationen? Rufen Sie Frank Siepel an: 077-3872388.<\/p><p><b>\u00dcber Vedos:<\/b><\/p><p>Vedos Verspanende Techniek BV produziert seit 1995 Pr\u00e4zisionsprodukte aus Metall und Kunststoff f\u00fcr den gehobenen Maschinenbau nach Kundenspezifikationen. Unsere Spezialit\u00e4t ist das Pr\u00e4zisionsdrehen und -fr\u00e4sen &#8222;mit Passma\u00dfen&#8220; bis ca. 45 mm. Seriengr\u00f6\u00dfen von Einzelst\u00fccken bis zu 10.000+ St\u00fcck mit Schwerpunkt auf Wiederholungsarbeiten.\u00a0<b><i>www.vedos.nl<\/i><\/b><\/p>\t\t\t\t\t\t\t\t<\/div>\n\t\t\t\t<\/div>\n\t\t\t\t<div class=\"elementor-element elementor-element-5e7c4777 elementor-widget elementor-widget-menu-anchor\" data-id=\"5e7c4777\" data-element_type=\"widget\" data-e-type=\"widget\" data-widget_type=\"menu-anchor.default\">\n\t\t\t\t<div class=\"elementor-widget-container\">\n\t\t\t\t\t\t\t<div class=\"elementor-menu-anchor\" id=\"vacature3\"><\/div>\n\t\t\t\t\t\t<\/div>\n\t\t\t\t<\/div>\n\t\t\t\t<div class=\"elementor-element elementor-element-73ee86f elementor-widget elementor-widget-text-editor\" data-id=\"73ee86f\" data-element_type=\"widget\" data-e-type=\"widget\" data-widget_type=\"text-editor.default\">\n\t\t\t\t<div class=\"elementor-widget-container\">\n\t\t\t\t\t\t\t\t\t<h2>Kooperierender Vorarbeiter \/ CNC-Dreher<\/h2><p>F\u00fcr die Erweiterung unserer Drehabteilung suchen wir einen begeisterten Kollegen<\/p><p><b>Job\/T\u00e4tigkeiten:<\/b><\/p><p>Als Vorarbeiter sind Sie f\u00fcr die Steuerung von 12 CNC-Drehmaschinen mit Stangenvorschub und angetriebenen Werkzeugen verantwortlich. Sie machen die Basisplanung und k\u00fcmmern sich um die Wartung der Maschinen, Werkzeuge und die Steuerung der Prozesse. Das Ziel f\u00fcr 2021-2022 ist die weitere Implementierung unseres CAD\/CAM-Pakets. In dieser Maschinengruppe werden Sie auch als CNC-Dreher arbeiten.<\/p><p><b>Wir fragen:<\/b><\/p><ul><li>HBO-Niveau.<\/li><li>Mindestens 5 Jahre Erfahrung im Drehen mit Stangenvorschub und angetriebenen Werkzeugen sowie Erfahrung in einer F\u00fchrungsposition.<\/li><li>Programmiererfahrung mit Fanuc-Steuerungen.<\/li><li>Erfahrung mit CAD\/CAM (vorzugsweise Edgecam).<\/li><li>Selbstmotiviert und in der Lage, Ihre unmittelbaren Kollegen zu motivieren.<\/li><li>Sie m\u00fcssen gut in die &#8222;Gruppe&#8220; passen.<\/li><li>Flexibel einsetzbar in der unbemannten Produktion.<\/li><\/ul><p><b>Wir bieten:<\/b><\/p><ul><li>Eine Vollzeitstelle (38 Stunden) in Tagesschichten.<\/li><li>Ein kollegiales und informelles Arbeitsklima.<\/li><li>Ein ausgezeichnetes Gehalt und sekund\u00e4re Besch\u00e4ftigungsbedingungen Arbeiten im Tarifvertrag f\u00fcr metallverarbeitende Betriebe \/ Konnklijke Metaalunie Einstufung: Funktionsgruppe G\/H\/I\/J je nach handwerklichem Niveau.<\/li><li>Sie haben die M\u00f6glichkeit, Ihr Wissen durch Fortbildungskurse zu erweitern.<\/li><li>Ein Arbeitsumfeld, in dem Qualit\u00e4t an erster Stelle steht.<\/li><\/ul><p>Weitere Informationen? Rufen Sie Frank Siepel an: 077-3872388.<\/p><p><b>\u00dcber Vedos:<\/b><\/p><p>Vedos Verspanende Techniek BV produziert seit 1995 Pr\u00e4zisionsprodukte aus Metall und Kunststoff f\u00fcr den gehobenen Maschinenbau nach Kundenspezifikationen. Unsere Spezialit\u00e4t ist das Pr\u00e4zisionsdrehen und -fr\u00e4sen &#8222;mit Passma\u00dfen&#8220; bis ca. 45 mm. Seriengr\u00f6\u00dfen von Einzelst\u00fccken bis zu 10.000+ St\u00fcck mit Schwerpunkt auf Wiederholungsarbeiten.\u00a0<b><i>www.vedos.nl<\/i><\/b><\/p>\t\t\t\t\t\t\t\t<\/div>\n\t\t\t\t<\/div>\n\t\t\t\t<div class=\"elementor-element elementor-element-7885c386 elementor-widget elementor-widget-menu-anchor\" data-id=\"7885c386\" data-element_type=\"widget\" data-e-type=\"widget\" data-widget_type=\"menu-anchor.default\">\n\t\t\t\t<div class=\"elementor-widget-container\">\n\t\t\t\t\t\t\t<div class=\"elementor-menu-anchor\" id=\"vacature4\"><\/div>\n\t\t\t\t\t\t<\/div>\n\t\t\t\t<\/div>\n\t\t\t\t<div class=\"elementor-element elementor-element-497c244 elementor-widget elementor-widget-text-editor\" data-id=\"497c244\" data-element_type=\"widget\" data-e-type=\"widget\" data-widget_type=\"text-editor.default\">\n\t\t\t\t<div class=\"elementor-widget-container\">\n\t\t\t\t\t\t\t\t\t<h2>Leiter des Messraums<\/h2><p>Zur Erweiterung unserer Messkapazit\u00e4ten suchen wir einen engagierten Mitarbeiter<\/p><p><b>Job\/T\u00e4tigkeiten:<\/b><\/p><p>Als Vorarbeiter sind Sie f\u00fcr die Endkontrolle unserer Produkte verantwortlich. Unterst\u00fctzung mit Messwissen in der Produktion und Verwaltung und Registrierung unserer Messmittel.<\/p><p><b>Wir fragen:<\/b><\/p><ul><li>HBO-Niveau.<\/li><li>Mindestens einige Jahre Erfahrung in der Messtechnik.<\/li><li>Erfahrung mit visuellen und taktilen 3D-Messungen.<\/li><li>Sie sind hoch motiviert und in der Lage, Ihre unmittelbaren Kollegen zu motivieren.<\/li><li>Sie m\u00fcssen gut in die &#8222;Gruppe&#8220; passen.<\/li><li>Flexibel einsetzbar f\u00fcr die Unterst\u00fctzung in der Produktion.<\/li><\/ul><p><b>Wir bieten:<\/b><\/p><ul><li>Eine Vollzeitstelle (38 Stunden) in Tagesschichten.<\/li><li>Ein kollegiales und informelles Arbeitsklima.<\/li><li>Ein ausgezeichnetes Gehalt und sekund\u00e4re Arbeitsbedingungen. Arbeiten im Tarifvertrag f\u00fcr metallverarbeitende Betriebe \/ Konnklijke Metaalunie Einstufung H\/I\/J je nach handwerklichem Niveau.<\/li><li>Sie haben die M\u00f6glichkeit, Ihr Wissen durch Fortbildungskurse zu erweitern.<\/li><li>Ein Arbeitsumfeld, in dem Qualit\u00e4t an erster Stelle steht.<\/li><\/ul><p>Mehr Informationen? Rufen Sie Frank Siepel an: 077-3872388.<\/p><p><b>\u00dcber Vedos:<\/b><\/p><p>Vedos Verspanende Techniek BV produziert seit 1995 Pr\u00e4zisionsprodukte aus Metall und Kunststoff f\u00fcr den gehobenen Maschinenbau nach Kundenspezifikationen. Unsere Spezialit\u00e4t ist das Pr\u00e4zisionsdrehen und -fr\u00e4sen &#8222;mit Passma\u00dfen&#8220; bis ca. 45 mm. Seriengr\u00f6\u00dfen von Einzelst\u00fccken bis zu mehr als 10.000 St\u00fcck mit Schwerpunkt auf Wiederholungsarbeiten.\u00a0<b><i>www.vedos.nl<\/i><\/b><\/p>\t\t\t\t\t\t\t\t<\/div>\n\t\t\t\t<\/div>\n\t\t\t\t\t<\/div>\n\t\t<\/div>\n\t\t\t\t\t<\/div>\n\t\t<\/section>\n\t\t\t\t<section class=\"elementor-section elementor-inner-section elementor-element elementor-element-520d9f69 elementor-section-boxed elementor-section-height-default elementor-section-height-default\" data-id=\"520d9f69\" data-element_type=\"section\" data-e-type=\"section\" data-settings=\"{&quot;background_background&quot;:&quot;classic&quot;}\">\n\t\t\t\t\t\t<div class=\"elementor-container elementor-column-gap-default\">\n\t\t\t\t\t<div class=\"elementor-column elementor-col-100 elementor-inner-column elementor-element elementor-element-40068d93\" data-id=\"40068d93\" data-element_type=\"column\" data-e-type=\"column\" data-settings=\"{&quot;background_background&quot;:&quot;classic&quot;}\">\n\t\t\t<div class=\"elementor-widget-wrap elementor-element-populated\">\n\t\t\t\t\t\t<div class=\"elementor-element elementor-element-67c07161 elementor-widget elementor-widget-text-editor\" data-id=\"67c07161\" data-element_type=\"widget\" data-e-type=\"widget\" data-widget_type=\"text-editor.default\">\n\t\t\t\t<div class=\"elementor-widget-container\">\n\t\t\t\t\t\t\t\t\t<p>Wir sch\u00e4tzen es nicht, wenn wir von Arbeitsagenturen kontaktiert werden.<\/p><p>F\u00fcr Informationen wenden Sie sich bitte an F. Siepel per E-Mail an\u00a0<a href=\"&#x6d;a&#x69;l&#x74;&#111;&#x3a;&#105;n&#x66;o&#x40;&#118;&#x65;&#100;&#x6f;&#115;&#46;&#x6e;l\">in&#102;&#111;&#64;&#x76;&#x65;&#x64;&#x6f;s&#46;&#110;&#108;<\/a>.<\/p>\t\t\t\t\t\t\t\t<\/div>\n\t\t\t\t<\/div>\n\t\t\t\t\t<\/div>\n\t\t<\/div>\n\t\t\t\t\t<\/div>\n\t\t<\/section>\n\t\t\t\t\t<\/div>\n\t\t<\/div>\n\t\t\t\t\t<\/div>\n\t\t<\/section>\n\t\t\t\t<\/div>\n\t\t","protected":false},"excerpt":{"rendered":"<p>Freie Stellen Zur Verst\u00e4rkung unseres Teams haben wir die folgenden Stellen zu besetzen: Unabh\u00e4ngiger CNC-Dreher Unabh\u00e4ngige CNC-Fr\u00e4smaschine Kooperierender Vorarbeiter \/ CNC-Dreher Leiter des Messraums Unabh\u00e4ngiger CNC-Dreher F\u00fcr die Erweiterung unserer Drehabteilung suchen wir einen begeisterten Kollegen Job\/T\u00e4tigkeiten: Als CNC-Dreher\/in arbeiten Sie v\u00f6llig selbstst\u00e4ndig in einem Team von 3 Kollegen, mit 6 Maschinen. Die Abmessungen unserer [&hellip;]<\/p>\n","protected":false},"author":1,"featured_media":0,"parent":0,"menu_order":0,"comment_status":"closed","ping_status":"closed","template":"","meta":{"site-sidebar-layout":"no-sidebar","site-content-layout":"page-builder","ast-site-content-layout":"default","site-content-style":"default","site-sidebar-style":"default","ast-global-header-display":"","ast-banner-title-visibility":"","ast-main-header-display":"","ast-hfb-above-header-display":"","ast-hfb-below-header-display":"","ast-hfb-mobile-header-display":"","site-post-title":"disabled","ast-breadcrumbs-content":"","ast-featured-img":"disabled","footer-sml-layout":"","ast-disable-related-posts":"","theme-transparent-header-meta":"","adv-header-id-meta":"","stick-header-meta":"","header-above-stick-meta":"","header-main-stick-meta":"","header-below-stick-meta":"","astra-migrate-meta-layouts":"default","ast-page-background-enabled":"default","ast-page-background-meta":{"desktop":{"background-color":"","background-image":"","background-repeat":"repeat","background-position":"center center","background-size":"auto","background-attachment":"scroll","background-type":"","background-media":"","overlay-type":"","overlay-color":"","overlay-opacity":"","overlay-gradient":""},"tablet":{"background-color":"","background-image":"","background-repeat":"repeat","background-position":"center center","background-size":"auto","background-attachment":"scroll","background-type":"","background-media":"","overlay-type":"","overlay-color":"","overlay-opacity":"","overlay-gradient":""},"mobile":{"background-color":"","background-image":"","background-repeat":"repeat","background-position":"center center","background-size":"auto","background-attachment":"scroll","background-type":"","background-media":"","overlay-type":"","overlay-color":"","overlay-opacity":"","overlay-gradient":""}},"ast-content-background-meta":{"desktop":{"background-color":"var(--ast-global-color-5)","background-image":"","background-repeat":"repeat","background-position":"center center","background-size":"auto","background-attachment":"scroll","background-type":"","background-media":"","overlay-type":"","overlay-color":"","overlay-opacity":"","overlay-gradient":""},"tablet":{"background-color":"var(--ast-global-color-5)","background-image":"","background-repeat":"repeat","background-position":"center center","background-size":"auto","background-attachment":"scroll","background-type":"","background-media":"","overlay-type":"","overlay-color":"","overlay-opacity":"","overlay-gradient":""},"mobile":{"background-color":"var(--ast-global-color-5)","background-image":"","background-repeat":"repeat","background-position":"center center","background-size":"auto","background-attachment":"scroll","background-type":"","background-media":"","overlay-type":"","overlay-color":"","overlay-opacity":"","overlay-gradient":""}},"footnotes":""},"class_list":["post-2080","page","type-page","status-publish","hentry"],"_links":{"self":[{"href":"https:\/\/vedos.eu\/de\/wp-json\/wp\/v2\/pages\/2080","targetHints":{"allow":["GET"]}}],"collection":[{"href":"https:\/\/vedos.eu\/de\/wp-json\/wp\/v2\/pages"}],"about":[{"href":"https:\/\/vedos.eu\/de\/wp-json\/wp\/v2\/types\/page"}],"author":[{"embeddable":true,"href":"https:\/\/vedos.eu\/de\/wp-json\/wp\/v2\/users\/1"}],"replies":[{"embeddable":true,"href":"https:\/\/vedos.eu\/de\/wp-json\/wp\/v2\/comments?post=2080"}],"version-history":[{"count":0,"href":"https:\/\/vedos.eu\/de\/wp-json\/wp\/v2\/pages\/2080\/revisions"}],"wp:attachment":[{"href":"https:\/\/vedos.eu\/de\/wp-json\/wp\/v2\/media?parent=2080"}],"curies":[{"name":"wp","href":"https:\/\/api.w.org\/{rel}","templated":true}]}}